{"id":3311,"date":"2024-03-11T17:29:26","date_gmt":"2024-03-11T20:29:26","guid":{"rendered":"https:\/\/fabiooshiro.com.br\/privacy-policy\/"},"modified":"2024-03-26T21:02:23","modified_gmt":"2024-03-27T00:02:23","slug":"privacy-policy","status":"publish","type":"page","link":"https:\/\/fabiooshiro.com.br\/en\/privacy-policy\/","title":{"rendered":"Privacy Policy"},"content":{"rendered":"\t\t<div data-elementor-type=\"wp-page\" data-elementor-id=\"3311\" class=\"elementor elementor-3311 elementor-3\" data-elementor-settings=\"{&quot;ha_cmc_init_switcher&quot;:&quot;no&quot;}\" data-elementor-post-type=\"page\">\n\t\t\t\t<div class=\"elementor-element elementor-element-2d319702 degrade e-flex e-con-boxed e-con e-parent\" data-id=\"2d319702\" data-element_type=\"container\">\n\t\t\t\t\t<div class=\"e-con-inner\">\n\t\t\t\t<div class=\"elementor-element elementor-element-ae18618 elementor-widget elementor-widget-template\" data-id=\"ae18618\" data-element_type=\"widget\" data-widget_type=\"template.default\">\n\t\t\t\t<div class=\"elementor-widget-container\">\n\t\t\t\t\t\t\t<div class=\"elementor-template\">\n\t\t\t\t\t<div data-elementor-type=\"container\" data-elementor-id=\"3914\" class=\"elementor elementor-3914 elementor-997\" data-elementor-settings=\"{&quot;ha_cmc_init_switcher&quot;:&quot;no&quot;}\" data-elementor-post-type=\"elementor_library\">\n\t\t\t\t<div class=\"elementor-element elementor-element-1cf9b0fa e-flex e-con-boxed e-con e-child\" data-id=\"1cf9b0fa\" data-element_type=\"container\" id=\"the-top\" data-settings=\"{&quot;sticky&quot;:&quot;top&quot;,&quot;sticky_on&quot;:[&quot;widescreen&quot;,&quot;desktop&quot;,&quot;laptop&quot;,&quot;tablet&quot;,&quot;mobile&quot;],&quot;sticky_offset&quot;:0,&quot;sticky_effects_offset&quot;:0,&quot;sticky_anchor_link_offset&quot;:0}\">\n\t\t\t\t\t<div class=\"e-con-inner\">\n\t\t<div class=\"elementor-element elementor-element-ba45f1d e-flex e-con-boxed e-con e-child\" data-id=\"ba45f1d\" data-element_type=\"container\" data-settings=\"{&quot;background_background&quot;:&quot;classic&quot;,&quot;position&quot;:&quot;absolute&quot;}\">\n\t\t\t\t\t<div class=\"e-con-inner\">\n\t\t\t\t<div class=\"elementor-element elementor-element-bb325f4 elementor-widget__width-initial elementor-widget-widescreen__width-initial elementor-widget elementor-widget-image\" data-id=\"bb325f4\" data-element_type=\"widget\" data-settings=\"{&quot;_animation&quot;:&quot;none&quot;}\" data-widget_type=\"image.default\">\n\t\t\t\t<div class=\"elementor-widget-container\">\n\t\t\t\t\t\t\t\t\t\t\t\t\t\t\t\t<a href=\"https:\/\/fabiooshiro.com.br\/en\/\">\n\t\t\t\t\t\t\t<img fetchpriority=\"high\" decoding=\"async\" width=\"710\" height=\"215\" src=\"https:\/\/fabiooshiro.com.br\/wp-content\/uploads\/2024\/03\/dr-fabio-oshiro-brancodbranco.svg\" class=\"attachment-full size-full wp-image-3911\" alt=\"Dr Fabio Oshiro - Brazilian\" \/>\t\t\t\t\t\t\t\t<\/a>\n\t\t\t\t\t\t\t\t\t\t\t\t\t\t\t<\/div>\n\t\t\t\t<\/div>\n\t\t<div class=\"elementor-element elementor-element-6fe4a929 e-con-full e-flex e-con e-child\" data-id=\"6fe4a929\" data-element_type=\"container\" data-settings=\"{&quot;background_background&quot;:&quot;classic&quot;}\">\n\t\t\t\t<div class=\"elementor-element elementor-element-839dbe6 elementor-nav-menu__align-center elementor-nav-menu--stretch elementor-nav-menu__text-align-center elementor-widget-tablet__width-inherit e-transform elementor-nav-menu--dropdown-tablet elementor-nav-menu--toggle elementor-nav-menu--burger elementor-invisible elementor-widget elementor-widget-nav-menu\" data-id=\"839dbe6\" data-element_type=\"widget\" data-settings=\"{&quot;toggle_icon_hover_animation&quot;:&quot;pulse&quot;,&quot;full_width&quot;:&quot;stretch&quot;,&quot;submenu_icon&quot;:{&quot;value&quot;:&quot;&lt;svg class=\\&quot;fa-svg-chevron-down e-font-icon-svg e-fas-chevron-down\\&quot; viewBox=\\&quot;0 0 448 512\\&quot; xmlns=\\&quot;http:\\\/\\\/www.w3.org\\\/2000\\\/svg\\&quot;&gt;&lt;path d=\\&quot;M207.029 381.476L12.686 187.132c-9.373-9.373-9.373-24.569 0-33.941l22.667-22.667c9.357-9.357 24.522-9.375 33.901-.04L224 284.505l154.745-154.021c9.379-9.335 24.544-9.317 33.901.04l22.667 22.667c9.373 9.373 9.373 24.569 0 33.941L240.971 381.476c-9.373 9.372-24.569 9.372-33.942 0z\\&quot;&gt;&lt;\\\/path&gt;&lt;\\\/svg&gt;&quot;,&quot;library&quot;:&quot;fa-solid&quot;},&quot;_animation&quot;:&quot;fadeIn&quot;,&quot;layout&quot;:&quot;horizontal&quot;,&quot;toggle&quot;:&quot;burger&quot;,&quot;_transform_scale_effect&quot;:{&quot;unit&quot;:&quot;px&quot;,&quot;size&quot;:&quot;&quot;,&quot;sizes&quot;:[]},&quot;_transform_scale_effect_widescreen&quot;:{&quot;unit&quot;:&quot;px&quot;,&quot;size&quot;:&quot;&quot;,&quot;sizes&quot;:[]},&quot;_transform_scale_effect_laptop&quot;:{&quot;unit&quot;:&quot;px&quot;,&quot;size&quot;:&quot;&quot;,&quot;sizes&quot;:[]},&quot;_transform_scale_effect_tablet&quot;:{&quot;unit&quot;:&quot;px&quot;,&quot;size&quot;:&quot;&quot;,&quot;sizes&quot;:[]},&quot;_transform_scale_effect_mobile&quot;:{&quot;unit&quot;:&quot;px&quot;,&quot;size&quot;:&quot;&quot;,&quot;sizes&quot;:[]}}\" data-widget_type=\"nav-menu.default\">\n\t\t\t\t<div class=\"elementor-widget-container\">\n\t\t\t\t\t\t\t\t<nav aria-label=\"Menu\" class=\"elementor-nav-menu--main elementor-nav-menu__container elementor-nav-menu--layout-horizontal e--pointer-underline e--animation-fade\">\n\t\t\t\t<ul id=\"menu-1-839dbe6\" class=\"elementor-nav-menu\"><li class=\"menu-item menu-item-type-post_type menu-item-object-page menu-item-home menu-item-3319\"><a href=\"https:\/\/fabiooshiro.com.br\/en\/\" class=\"elementor-item\">Home<\/a><\/li>\n<li class=\"menu-item menu-item-type-post_type menu-item-object-page menu-item-3320\"><a href=\"https:\/\/fabiooshiro.com.br\/en\/about-me\/\" class=\"elementor-item\">About me<\/a><\/li>\n<li class=\"menu-item menu-item-type-custom menu-item-object-custom menu-item-3321\"><a href=\"https:\/\/fabiooshiro.com.br\/en\/about-me\/#certificacoes\" class=\"elementor-item elementor-item-anchor\">Certificates<\/a><\/li>\n<li class=\"menu-item menu-item-type-custom menu-item-object-custom menu-item-3322\"><a href=\"https:\/\/fabiooshiro.com.br\/en\/#onde-opero\" class=\"elementor-item elementor-item-anchor\">Hospitals<\/a><\/li>\n<li class=\"menu-item menu-item-type-custom menu-item-object-custom menu-item-has-children menu-item-3323\"><a href=\"#\" class=\"elementor-item elementor-item-anchor\">Medical procedures<\/a>\n<ul class=\"sub-menu elementor-nav-menu--dropdown\">\n\t<li class=\"menu-item menu-item-type-post_type menu-item-object-page menu-item-3324\"><a href=\"https:\/\/fabiooshiro.com.br\/en\/liposuction\/\" class=\"elementor-sub-item\">Liposuction<\/a><\/li>\n\t<li class=\"menu-item menu-item-type-post_type menu-item-object-page menu-item-3325\"><a href=\"https:\/\/fabiooshiro.com.br\/en\/breast-augmentation\/\" class=\"elementor-sub-item\">Breast Augmentation<\/a><\/li>\n\t<li class=\"menu-item menu-item-type-post_type menu-item-object-page menu-item-3326\"><a href=\"https:\/\/fabiooshiro.com.br\/en\/breast-reduction\/\" class=\"elementor-sub-item\">Breast Reduction<\/a><\/li>\n\t<li class=\"menu-item menu-item-type-post_type menu-item-object-page menu-item-3327\"><a href=\"https:\/\/fabiooshiro.com.br\/en\/mastopexy-with-implants\/\" class=\"elementor-sub-item\">Mastopexy with implants<\/a><\/li>\n\t<li class=\"menu-item menu-item-type-post_type menu-item-object-page menu-item-3328\"><a href=\"https:\/\/fabiooshiro.com.br\/en\/breast-explant\/\" class=\"elementor-sub-item\">Breast Explant<\/a><\/li>\n\t<li class=\"menu-item menu-item-type-post_type menu-item-object-page menu-item-3329\"><a href=\"https:\/\/fabiooshiro.com.br\/en\/abdominoplasty\/\" class=\"elementor-sub-item\">Abdominoplasty<\/a><\/li>\n\t<li class=\"menu-item menu-item-type-post_type menu-item-object-page menu-item-3330\"><a href=\"https:\/\/fabiooshiro.com.br\/en\/mini-abdominoplasty\/\" class=\"elementor-sub-item\">Mini Abdominoplasty<\/a><\/li>\n\t<li class=\"menu-item menu-item-type-post_type menu-item-object-page menu-item-3331\"><a href=\"https:\/\/fabiooshiro.com.br\/en\/reverse-abdominoplasty\/\" class=\"elementor-sub-item\">Reverse Abdominoplasty<\/a><\/li>\n\t<li class=\"menu-item menu-item-type-post_type menu-item-object-page menu-item-3332\"><a href=\"https:\/\/fabiooshiro.com.br\/en\/reconstructive-surgery\/\" class=\"elementor-sub-item\">Reconstructive Surgery<\/a><\/li>\n<\/ul>\n<\/li>\n<\/ul>\t\t\t<\/nav>\n\t\t\t\t\t<div class=\"elementor-menu-toggle\" role=\"button\" tabindex=\"0\" aria-label=\"Menu Toggle\" aria-expanded=\"false\">\n\t\t\t<svg aria-hidden=\"true\" role=\"presentation\" class=\"elementor-menu-toggle__icon--open elementor-animation-pulse e-font-icon-svg e-fas-bars\" viewBox=\"0 0 448 512\" xmlns=\"http:\/\/www.w3.org\/2000\/svg\"><path d=\"M16 132h416c8.837 0 16-7.163 16-16V76c0-8.837-7.163-16-16-16H16C7.163 60 0 67.163 0 76v40c0 8.837 7.163 16 16 16zm0 160h416c8.837 0 16-7.163 16-16v-40c0-8.837-7.163-16-16-16H16c-8.837 0-16 7.163-16 16v40c0 8.837 7.163 16 16 16zm0 160h416c8.837 0 16-7.163 16-16v-40c0-8.837-7.163-16-16-16H16c-8.837 0-16 7.163-16 16v40c0 8.837 7.163 16 16 16z\"><\/path><\/svg><svg aria-hidden=\"true\" role=\"presentation\" class=\"elementor-menu-toggle__icon--close elementor-animation-pulse e-font-icon-svg e-eicon-close\" viewBox=\"0 0 1000 1000\" xmlns=\"http:\/\/www.w3.org\/2000\/svg\"><path d=\"M742 167L500 408 258 167C246 154 233 150 217 150 196 150 179 158 167 167 154 179 150 196 150 212 150 229 154 242 171 254L408 500 167 742C138 771 138 800 167 829 196 858 225 858 254 829L496 587 738 829C750 842 767 846 783 846 800 846 817 842 829 829 842 817 846 804 846 783 846 767 842 750 829 737L588 500 833 258C863 229 863 200 833 171 804 137 775 137 742 167Z\"><\/path><\/svg>\t\t<\/div>\n\t\t\t\t\t<nav class=\"elementor-nav-menu--dropdown elementor-nav-menu__container\" aria-hidden=\"true\">\n\t\t\t\t<ul id=\"menu-2-839dbe6\" class=\"elementor-nav-menu\"><li class=\"menu-item menu-item-type-post_type menu-item-object-page menu-item-home menu-item-3319\"><a href=\"https:\/\/fabiooshiro.com.br\/en\/\" class=\"elementor-item\" tabindex=\"-1\">Home<\/a><\/li>\n<li class=\"menu-item menu-item-type-post_type menu-item-object-page menu-item-3320\"><a href=\"https:\/\/fabiooshiro.com.br\/en\/about-me\/\" class=\"elementor-item\" tabindex=\"-1\">About me<\/a><\/li>\n<li class=\"menu-item menu-item-type-custom menu-item-object-custom menu-item-3321\"><a href=\"https:\/\/fabiooshiro.com.br\/en\/about-me\/#certificacoes\" class=\"elementor-item elementor-item-anchor\" tabindex=\"-1\">Certificates<\/a><\/li>\n<li class=\"menu-item menu-item-type-custom menu-item-object-custom menu-item-3322\"><a href=\"https:\/\/fabiooshiro.com.br\/en\/#onde-opero\" class=\"elementor-item elementor-item-anchor\" tabindex=\"-1\">Hospitals<\/a><\/li>\n<li class=\"menu-item menu-item-type-custom menu-item-object-custom menu-item-has-children menu-item-3323\"><a href=\"#\" class=\"elementor-item elementor-item-anchor\" tabindex=\"-1\">Medical procedures<\/a>\n<ul class=\"sub-menu elementor-nav-menu--dropdown\">\n\t<li class=\"menu-item menu-item-type-post_type menu-item-object-page menu-item-3324\"><a href=\"https:\/\/fabiooshiro.com.br\/en\/liposuction\/\" class=\"elementor-sub-item\" tabindex=\"-1\">Liposuction<\/a><\/li>\n\t<li class=\"menu-item menu-item-type-post_type menu-item-object-page menu-item-3325\"><a href=\"https:\/\/fabiooshiro.com.br\/en\/breast-augmentation\/\" class=\"elementor-sub-item\" tabindex=\"-1\">Breast Augmentation<\/a><\/li>\n\t<li class=\"menu-item menu-item-type-post_type menu-item-object-page menu-item-3326\"><a href=\"https:\/\/fabiooshiro.com.br\/en\/breast-reduction\/\" class=\"elementor-sub-item\" tabindex=\"-1\">Breast Reduction<\/a><\/li>\n\t<li class=\"menu-item menu-item-type-post_type menu-item-object-page menu-item-3327\"><a href=\"https:\/\/fabiooshiro.com.br\/en\/mastopexy-with-implants\/\" class=\"elementor-sub-item\" tabindex=\"-1\">Mastopexy with implants<\/a><\/li>\n\t<li class=\"menu-item menu-item-type-post_type menu-item-object-page menu-item-3328\"><a href=\"https:\/\/fabiooshiro.com.br\/en\/breast-explant\/\" class=\"elementor-sub-item\" tabindex=\"-1\">Breast Explant<\/a><\/li>\n\t<li class=\"menu-item menu-item-type-post_type menu-item-object-page menu-item-3329\"><a href=\"https:\/\/fabiooshiro.com.br\/en\/abdominoplasty\/\" class=\"elementor-sub-item\" tabindex=\"-1\">Abdominoplasty<\/a><\/li>\n\t<li class=\"menu-item menu-item-type-post_type menu-item-object-page menu-item-3330\"><a href=\"https:\/\/fabiooshiro.com.br\/en\/mini-abdominoplasty\/\" class=\"elementor-sub-item\" tabindex=\"-1\">Mini Abdominoplasty<\/a><\/li>\n\t<li class=\"menu-item menu-item-type-post_type menu-item-object-page menu-item-3331\"><a href=\"https:\/\/fabiooshiro.com.br\/en\/reverse-abdominoplasty\/\" class=\"elementor-sub-item\" tabindex=\"-1\">Reverse Abdominoplasty<\/a><\/li>\n\t<li class=\"menu-item menu-item-type-post_type menu-item-object-page menu-item-3332\"><a href=\"https:\/\/fabiooshiro.com.br\/en\/reconstructive-surgery\/\" class=\"elementor-sub-item\" tabindex=\"-1\">Reconstructive Surgery<\/a><\/li>\n<\/ul>\n<\/li>\n<\/ul>\t\t\t<\/nav>\n\t\t\t\t\t\t<\/div>\n\t\t\t\t<\/div>\n\t\t\t\t<\/div>\n\t\t\t\t\t<\/div>\n\t\t\t\t<\/div>\n\t\t\t\t\t<\/div>\n\t\t\t\t<\/div>\n\t\t\t\t<\/div>\n\t\t\t\t<\/div>\n\t\t\t\t\t\t<\/div>\n\t\t\t\t<\/div>\n\t\t\t\t<div class=\"elementor-element elementor-element-605467c elementor-widget elementor-widget-text-editor\" data-id=\"605467c\" data-element_type=\"widget\" data-widget_type=\"text-editor.default\">\n\t\t\t\t<div class=\"elementor-widget-container\">\n\t\t\t\t\t\t\t\t\t<h3>Who owns this website<\/h3><p>The address of this website is: https:\/\/fabiooshiro.com.br. This site belongs to Dr. Fabio H. J. Oshiro. This site does not sell products online. I do not send &#8220;boletos&#8221;. I don&#8217;t do raffles.<\/p><h3>Contact Form<\/h3><p>When a visitor leaves a comment on the site, I will collect the data shown in the comments form, as well as the visitor&#8217;s IP address and browser data, to help spam detection.<\/p><h3>Third Party Cookies<\/h3><p>I may use Google Analytics and other Google services to track anonymous data about website visitors for the purpose of generating statistics. For more information about how Google processes this information, follow the company&#8217;s link: <a href=\"https:\/\/policies.google.com\/technologies\/partner-sites\" target=\"_new\">https:\/\/policies.google.com\/technologies\/partner-sites<\/a><\/p><h3>Embedded media from other sites<\/h3><p>Articles on this site may include embedded content such as videos, maps, images, articles, etc. Embedded content from other websites behaves exactly the same as if the visitor were visiting the other website.<\/p><p>These websites may collect data about you, use cookies, embed additional third-party tracking, and monitor your interaction with that embedded content, including your interaction with the embedded content if you have an account and are logged in to that website.<\/p><h3>Data sharing<\/h3><p>I do not sell website visitor data.<\/p><h3>Amount of time I keep your data<\/h3><p>If you leave a comment or fill out a contact form, the comment and its metadata will be retained indefinitely.<\/p><p>For users who register on my website (if any), I will also store the personal information they provide in their user profile. All users can see, edit or delete their personal information at any time (you just can&#8217;t change your username). Site administrators can also view and edit this information.<\/p><h3>Your rights over your data<\/h3><p>If you have an account on this site, or have left comments, you can request that we remove any personal data we hold about you. This does not include any data that you are required to keep for administrative, legal or security purposes.<\/p><h3>Contact if you have any questions<\/h3><p>If you have any questions about this site&#8217;s privacy policy, you can contact <span style=\"color: #ffffff; font-family: Calibri, sans-serif;\">fabiohideki@hotmail.com.<\/span><\/p>\t\t\t\t\t\t\t\t<\/div>\n\t\t\t\t<\/div>\n\t\t\t\t\t<\/div>\n\t\t\t\t<\/div>\n\t\t\t\t<\/div>\n\t\t","protected":false},"excerpt":{"rendered":"<p>Who owns this website The address of this website is: https:\/\/fabiooshiro.com.br. This site belongs to Dr. Fabio H. J. Oshiro. This site does not sell products online. I do not send &#8220;boletos&#8221;. I don&#8217;t do raffles. Contact Form When a visitor leaves a comment on the site, I will collect the data shown in the [&hellip;]<\/p>\n","protected":false},"author":1,"featured_media":0,"parent":0,"menu_order":0,"comment_status":"closed","ping_status":"open","template":"","meta":{"footnotes":""},"class_list":["post-3311","page","type-page","status-publish","hentry"],"yoast_head":"<!-- This site is optimized with the Yoast SEO plugin v25.3.1 - https:\/\/yoast.com\/wordpress\/plugins\/seo\/ -->\n<title>Privacy Policy - Fabio Oshiro<\/title>\n<meta name=\"robots\" content=\"index, follow, max-snippet:-1, max-image-preview:large, max-video-preview:-1\" \/>\n<link rel=\"canonical\" href=\"https:\/\/fabiooshiro.com.br\/en\/privacy-policy\/\" \/>\n<meta property=\"og:locale\" content=\"en_US\" \/>\n<meta property=\"og:type\" content=\"article\" \/>\n<meta property=\"og:title\" content=\"Privacy Policy - Fabio Oshiro\" \/>\n<meta property=\"og:description\" content=\"Who owns this website The address of this website is: https:\/\/fabiooshiro.com.br. This site belongs to Dr. Fabio H. J. Oshiro. This site does not sell products online. I do not send &#8220;boletos&#8221;. I don&#8217;t do raffles. Contact Form When a visitor leaves a comment on the site, I will collect the data shown in the [&hellip;]\" \/>\n<meta property=\"og:url\" content=\"https:\/\/fabiooshiro.com.br\/en\/privacy-policy\/\" \/>\n<meta property=\"og:site_name\" content=\"Fabio Oshiro\" \/>\n<meta property=\"article:modified_time\" content=\"2024-03-27T00:02:23+00:00\" \/>\n<meta property=\"og:image\" content=\"https:\/\/fabiooshiro.com.br\/wp-content\/uploads\/2024\/03\/foto-do-site-dr-fabio.jpg\" \/>\n\t<meta property=\"og:image:width\" content=\"1200\" \/>\n\t<meta property=\"og:image:height\" content=\"675\" \/>\n\t<meta property=\"og:image:type\" content=\"image\/jpeg\" \/>\n<meta name=\"twitter:card\" content=\"summary_large_image\" \/>\n<meta name=\"twitter:label1\" content=\"Est. reading time\" \/>\n\t<meta name=\"twitter:data1\" content=\"2 minutes\" \/>\n<script type=\"application\/ld+json\" class=\"yoast-schema-graph\">{\"@context\":\"https:\/\/schema.org\",\"@graph\":[{\"@type\":\"WebPage\",\"@id\":\"https:\/\/fabiooshiro.com.br\/en\/privacy-policy\/\",\"url\":\"https:\/\/fabiooshiro.com.br\/en\/privacy-policy\/\",\"name\":\"Privacy Policy - Fabio Oshiro\",\"isPartOf\":{\"@id\":\"https:\/\/fabiooshiro.com.br\/en\/#website\"},\"datePublished\":\"2024-03-11T20:29:26+00:00\",\"dateModified\":\"2024-03-27T00:02:23+00:00\",\"breadcrumb\":{\"@id\":\"https:\/\/fabiooshiro.com.br\/en\/privacy-policy\/#breadcrumb\"},\"inLanguage\":\"en-US\",\"potentialAction\":[{\"@type\":\"ReadAction\",\"target\":[\"https:\/\/fabiooshiro.com.br\/en\/privacy-policy\/\"]}]},{\"@type\":\"BreadcrumbList\",\"@id\":\"https:\/\/fabiooshiro.com.br\/en\/privacy-policy\/#breadcrumb\",\"itemListElement\":[{\"@type\":\"ListItem\",\"position\":1,\"name\":\"In\u00edcio\",\"item\":\"https:\/\/fabiooshiro.com.br\/en\/\"},{\"@type\":\"ListItem\",\"position\":2,\"name\":\"Privacy Policy\"}]},{\"@type\":\"WebSite\",\"@id\":\"https:\/\/fabiooshiro.com.br\/en\/#website\",\"url\":\"https:\/\/fabiooshiro.com.br\/en\/\",\"name\":\"Dr. Fabio Oshiro\",\"description\":\"Dr. Fabio Oshiro  trabalha com Cirurgia Pl\u00e1stica Est\u00e9tica e Reparadora, em procedimentos como: lipoescultura, lipoaspira\u00e7\u00e3o, aumento de mamas, redu\u00e7\u00e3o de mamas, abdominoplastia, entre outros\",\"publisher\":{\"@id\":\"https:\/\/fabiooshiro.com.br\/en\/#organization\"},\"alternateName\":\"M\u00e9dico Cirurgi\u00e3o Pl\u00e1stico Dr. Fabio Oshiro\",\"potentialAction\":[{\"@type\":\"SearchAction\",\"target\":{\"@type\":\"EntryPoint\",\"urlTemplate\":\"https:\/\/fabiooshiro.com.br\/en\/?s={search_term_string}\"},\"query-input\":{\"@type\":\"PropertyValueSpecification\",\"valueRequired\":true,\"valueName\":\"search_term_string\"}}],\"inLanguage\":\"en-US\"},{\"@type\":\"Organization\",\"@id\":\"https:\/\/fabiooshiro.com.br\/en\/#organization\",\"name\":\"M\u00e9dico Cirurgi\u00e3o Pl\u00e1stico Dr. Fabio Oshiro\",\"alternateName\":\"Dr. Fabio Oshiro\",\"url\":\"https:\/\/fabiooshiro.com.br\/en\/\",\"logo\":{\"@type\":\"ImageObject\",\"inLanguage\":\"en-US\",\"@id\":\"https:\/\/fabiooshiro.com.br\/en\/#\/schema\/logo\/image\/\",\"url\":\"https:\/\/fabiooshiro.com.br\/wp-content\/uploads\/2024\/03\/logo-dr-fabiooshiro.jpg\",\"contentUrl\":\"https:\/\/fabiooshiro.com.br\/wp-content\/uploads\/2024\/03\/logo-dr-fabiooshiro.jpg\",\"width\":854,\"height\":539,\"caption\":\"M\u00e9dico Cirurgi\u00e3o Pl\u00e1stico Dr. Fabio Oshiro\"},\"image\":{\"@id\":\"https:\/\/fabiooshiro.com.br\/en\/#\/schema\/logo\/image\/\"},\"sameAs\":[\"https:\/\/www.instagram.com\/dr.fabiooshiro\/\",\"https:\/\/www.youtube.com\/@FabioHJOshiro-CirurgiaPlastica\",\"https:\/\/www.linkedin.com\/in\/fabio-hideki-julio-oshiro-298a057a\/?originalSubdomain=br\"]}]}<\/script>\n<!-- \/ Yoast SEO plugin. -->","yoast_head_json":{"title":"Privacy Policy - Fabio Oshiro","robots":{"index":"index","follow":"follow","max-snippet":"max-snippet:-1","max-image-preview":"max-image-preview:large","max-video-preview":"max-video-preview:-1"},"canonical":"https:\/\/fabiooshiro.com.br\/en\/privacy-policy\/","og_locale":"en_US","og_type":"article","og_title":"Privacy Policy - Fabio Oshiro","og_description":"Who owns this website The address of this website is: https:\/\/fabiooshiro.com.br. This site belongs to Dr. Fabio H. J. Oshiro. This site does not sell products online. I do not send &#8220;boletos&#8221;. I don&#8217;t do raffles. Contact Form When a visitor leaves a comment on the site, I will collect the data shown in the [&hellip;]","og_url":"https:\/\/fabiooshiro.com.br\/en\/privacy-policy\/","og_site_name":"Fabio Oshiro","article_modified_time":"2024-03-27T00:02:23+00:00","og_image":[{"width":1200,"height":675,"url":"https:\/\/fabiooshiro.com.br\/wp-content\/uploads\/2024\/03\/foto-do-site-dr-fabio.jpg","type":"image\/jpeg"}],"twitter_card":"summary_large_image","twitter_misc":{"Est. reading time":"2 minutes"},"schema":{"@context":"https:\/\/schema.org","@graph":[{"@type":"WebPage","@id":"https:\/\/fabiooshiro.com.br\/en\/privacy-policy\/","url":"https:\/\/fabiooshiro.com.br\/en\/privacy-policy\/","name":"Privacy Policy - Fabio Oshiro","isPartOf":{"@id":"https:\/\/fabiooshiro.com.br\/en\/#website"},"datePublished":"2024-03-11T20:29:26+00:00","dateModified":"2024-03-27T00:02:23+00:00","breadcrumb":{"@id":"https:\/\/fabiooshiro.com.br\/en\/privacy-policy\/#breadcrumb"},"inLanguage":"en-US","potentialAction":[{"@type":"ReadAction","target":["https:\/\/fabiooshiro.com.br\/en\/privacy-policy\/"]}]},{"@type":"BreadcrumbList","@id":"https:\/\/fabiooshiro.com.br\/en\/privacy-policy\/#breadcrumb","itemListElement":[{"@type":"ListItem","position":1,"name":"In\u00edcio","item":"https:\/\/fabiooshiro.com.br\/en\/"},{"@type":"ListItem","position":2,"name":"Privacy Policy"}]},{"@type":"WebSite","@id":"https:\/\/fabiooshiro.com.br\/en\/#website","url":"https:\/\/fabiooshiro.com.br\/en\/","name":"Dr. Fabio Oshiro","description":"Dr. Fabio Oshiro  trabalha com Cirurgia Pl\u00e1stica Est\u00e9tica e Reparadora, em procedimentos como: lipoescultura, lipoaspira\u00e7\u00e3o, aumento de mamas, redu\u00e7\u00e3o de mamas, abdominoplastia, entre outros","publisher":{"@id":"https:\/\/fabiooshiro.com.br\/en\/#organization"},"alternateName":"M\u00e9dico Cirurgi\u00e3o Pl\u00e1stico Dr. Fabio Oshiro","potentialAction":[{"@type":"SearchAction","target":{"@type":"EntryPoint","urlTemplate":"https:\/\/fabiooshiro.com.br\/en\/?s={search_term_string}"},"query-input":{"@type":"PropertyValueSpecification","valueRequired":true,"valueName":"search_term_string"}}],"inLanguage":"en-US"},{"@type":"Organization","@id":"https:\/\/fabiooshiro.com.br\/en\/#organization","name":"M\u00e9dico Cirurgi\u00e3o Pl\u00e1stico Dr. Fabio Oshiro","alternateName":"Dr. Fabio Oshiro","url":"https:\/\/fabiooshiro.com.br\/en\/","logo":{"@type":"ImageObject","inLanguage":"en-US","@id":"https:\/\/fabiooshiro.com.br\/en\/#\/schema\/logo\/image\/","url":"https:\/\/fabiooshiro.com.br\/wp-content\/uploads\/2024\/03\/logo-dr-fabiooshiro.jpg","contentUrl":"https:\/\/fabiooshiro.com.br\/wp-content\/uploads\/2024\/03\/logo-dr-fabiooshiro.jpg","width":854,"height":539,"caption":"M\u00e9dico Cirurgi\u00e3o Pl\u00e1stico Dr. Fabio Oshiro"},"image":{"@id":"https:\/\/fabiooshiro.com.br\/en\/#\/schema\/logo\/image\/"},"sameAs":["https:\/\/www.instagram.com\/dr.fabiooshiro\/","https:\/\/www.youtube.com\/@FabioHJOshiro-CirurgiaPlastica","https:\/\/www.linkedin.com\/in\/fabio-hideki-julio-oshiro-298a057a\/?originalSubdomain=br"]}]}},"_links":{"self":[{"href":"https:\/\/fabiooshiro.com.br\/en\/wp-json\/wp\/v2\/pages\/3311","targetHints":{"allow":["GET"]}}],"collection":[{"href":"https:\/\/fabiooshiro.com.br\/en\/wp-json\/wp\/v2\/pages"}],"about":[{"href":"https:\/\/fabiooshiro.com.br\/en\/wp-json\/wp\/v2\/types\/page"}],"author":[{"embeddable":true,"href":"https:\/\/fabiooshiro.com.br\/en\/wp-json\/wp\/v2\/users\/1"}],"replies":[{"embeddable":true,"href":"https:\/\/fabiooshiro.com.br\/en\/wp-json\/wp\/v2\/comments?post=3311"}],"version-history":[{"count":19,"href":"https:\/\/fabiooshiro.com.br\/en\/wp-json\/wp\/v2\/pages\/3311\/revisions"}],"predecessor-version":[{"id":3617,"href":"https:\/\/fabiooshiro.com.br\/en\/wp-json\/wp\/v2\/pages\/3311\/revisions\/3617"}],"wp:attachment":[{"href":"https:\/\/fabiooshiro.com.br\/en\/wp-json\/wp\/v2\/media?parent=3311"}],"curies":[{"name":"wp","href":"https:\/\/api.w.org\/{rel}","templated":true}]}}